{"id":4197,"date":"2018-09-27T13:58:10","date_gmt":"2018-09-27T13:58:10","guid":{"rendered":"https:\/\/plumconsulting.co.uk\/spectrum-management\/benchmarking-ajuste\/"},"modified":"2019-12-05T15:29:16","modified_gmt":"2019-12-05T15:29:16","slug":"benchmarking-ajuste","status":"publish","type":"page","link":"https:\/\/plumconsulting.co.uk\/fr\/spectrum-management\/benchmarking-ajuste\/","title":{"rendered":"Analyse comparative ajust\u00e9e"},"content":{"rendered":"<p>L\u2019analyse comparative ajust\u00e9e est utilis\u00e9e lorsque la collecte de donn\u00e9es n\u2019offre pas suffisamment de donn\u00e9es r\u00e9elles dans une bande de fr\u00e9quences sp\u00e9cifique pour permettre une analyse comparative directe. Selon cette approche, les valeurs des ventes aux ench\u00e8res pass\u00e9es dans le pays concern\u00e9 constitueront des valeurs de r\u00e9f\u00e9rence importantes. L\u2019analyse comparative ajust\u00e9e peut \u00eatre effectu\u00e9e soit \u00e0 l\u2019aide de ratios de valeur relative, soit de ratios de distance.<\/p>\n<p>Selon <strong>la m\u00e9thode de la valeur relative<\/strong>, les rapports de valeur pour les diff\u00e9rentes bandes de fr\u00e9quences et groupes de bandes sont estim\u00e9s \u00e0 partir d\u2019\u00e9talons internationaux. De nombreuses combinaisons sont possibles, parmi les rapports de valeur pouvant \u00eatre \u00e9tudi\u00e9s se trouvent :<\/p>\n<ul>\n<li>&lt;1 GHz \u00e0 1800 MHz et PCS<\/li>\n<li>&lt;1 GHz \u00e0 AWS et 2100 MHz<\/li>\n<li>&lt;1 GHz \u00e0 2,5 GHz<\/li>\n<li>1800 MHz et PCS \u00e0 2,5 GHz<\/li>\n<li>AWS et 2100 MHz \u00e0 2,5 GHz<\/li>\n<\/ul>\n<p>Ces ratios sont ensuite appliqu\u00e9s aux r\u00e9sultats des ventes aux ench\u00e8res pass\u00e9es dans le pays concern\u00e9 afin d\u2019estimer les valeurs pertinentes pour les diff\u00e9rentes bandes.<\/p>\n<p><strong>La m\u00e9thode de la distance<\/strong> utilise les rapports de distance observ\u00e9s entre les bandes de r\u00e9f\u00e9rence s\u00e9lectionn\u00e9es et la bande \u00e0 \u00e9valuer, comme indiqu\u00e9 sur la figure ci-dessous. Dans cet exemple, l\u2019objectif est d\u2019estimer une valeur pour la bande Y dans le pays 1 en utilisant les valeurs des bandes X et Z des ventes aux ench\u00e8res pr\u00e9c\u00e9dentes comme points de r\u00e9f\u00e9rence. Le rapport de distance provient des pays de r\u00e9f\u00e9rence appropri\u00e9s pour lesquels les valeurs des trois bandes (X, Y, Z) sont disponibles. Ce rapport (a\/b) est ensuite appliqu\u00e9 pour calculer la valeur de la bande Y dans le pays 1 en utilisant ses valeurs pour la bande X et la bande Z.<\/p>\n<p><img loading=\"lazy\" decoding=\"async\" class=\"alignnone wp-image-3011\" src=\"https:\/\/plumconsulting.co.uk\/wp-content\/uploads\/2016\/02\/Distance-method-graph.png\" alt=\"Distance method graph\" width=\"600\" height=\"406\" srcset=\"https:\/\/plumconsulting.co.uk\/wp-content\/uploads\/2016\/02\/Distance-method-graph.png 839w, https:\/\/plumconsulting.co.uk\/wp-content\/uploads\/2016\/02\/Distance-method-graph-300x203.png 300w, https:\/\/plumconsulting.co.uk\/wp-content\/uploads\/2016\/02\/Distance-method-graph-768x520.png 768w\" sizes=\"auto, (max-width: 600px) 100vw, 600px\" \/><\/p>\n<p><a href=\"#_ftnref1\" name=\"_ftn1\"><\/a><\/p>\n","protected":false},"excerpt":{"rendered":"<p>L\u2019analyse comparative ajust\u00e9e est utilis\u00e9e lorsque la collecte de donn\u00e9es n\u2019offre pas suffisamment de donn\u00e9es r\u00e9elles dans une bande de fr\u00e9quences sp\u00e9cifique pour permettre une analyse comparative directe. Selon cette approche, les valeurs des ventes aux ench\u00e8res pass\u00e9es dans le pays concern\u00e9 constitueront des valeurs de r\u00e9f\u00e9rence importantes. L\u2019analyse comparative ajust\u00e9e peut \u00eatre effectu\u00e9e soit<a href=\"https:\/\/plumconsulting.co.uk\/fr\/spectrum-management\/benchmarking-ajuste\/\">[&#8230;]<\/a><\/p>\n","protected":false},"author":1,"featured_media":0,"parent":3691,"menu_order":0,"comment_status":"closed","ping_status":"closed","template":"","meta":{"footnotes":""},"class_list":["post-4197","page","type-page","status-publish","hentry"],"yoast_head":"<!-- This site is optimized with the Yoast SEO plugin v26.7 - https:\/\/yoast.com\/wordpress\/plugins\/seo\/ -->\n<title>Analyse comparative ajust\u00e9e - Plum Consulting<\/title>\n<meta name=\"robots\" content=\"index, follow, max-snippet:-1, max-image-preview:large, max-video-preview:-1\" \/>\n<link rel=\"canonical\" href=\"https:\/\/plumconsulting.co.uk\/fr\/spectrum-management\/benchmarking-ajuste\/\" \/>\n<meta property=\"og:locale\" content=\"fr_FR\" \/>\n<meta property=\"og:type\" content=\"article\" \/>\n<meta property=\"og:title\" content=\"Analyse comparative ajust\u00e9e - Plum Consulting\" \/>\n<meta property=\"og:description\" content=\"L\u2019analyse comparative ajust\u00e9e est utilis\u00e9e lorsque la collecte de donn\u00e9es n\u2019offre pas suffisamment de donn\u00e9es r\u00e9elles dans une bande de fr\u00e9quences sp\u00e9cifique pour permettre une analyse comparative directe. Selon cette approche, les valeurs des ventes aux ench\u00e8res pass\u00e9es dans le pays concern\u00e9 constitueront des valeurs de r\u00e9f\u00e9rence importantes. L\u2019analyse comparative ajust\u00e9e peut \u00eatre effectu\u00e9e soit[...]\" \/>\n<meta property=\"og:url\" content=\"https:\/\/plumconsulting.co.uk\/fr\/spectrum-management\/benchmarking-ajuste\/\" \/>\n<meta property=\"og:site_name\" content=\"Plum Consulting\" \/>\n<meta property=\"article:modified_time\" content=\"2019-12-05T15:29:16+00:00\" \/>\n<meta property=\"og:image\" content=\"https:\/\/plumconsulting.co.uk\/wp-content\/uploads\/2016\/02\/Distance-method-graph.png\" \/>\n<meta name=\"twitter:card\" content=\"summary_large_image\" \/>\n<meta name=\"twitter:site\" content=\"@plumconsulting\" \/>\n<meta name=\"twitter:label1\" content=\"Est. reading time\" \/>\n\t<meta name=\"twitter:data1\" content=\"2 minutes\" \/>\n<script type=\"application\/ld+json\" class=\"yoast-schema-graph\">{\"@context\":\"https:\/\/schema.org\",\"@graph\":[{\"@type\":\"WebPage\",\"@id\":\"https:\/\/plumconsulting.co.uk\/fr\/spectrum-management\/benchmarking-ajuste\/\",\"url\":\"https:\/\/plumconsulting.co.uk\/fr\/spectrum-management\/benchmarking-ajuste\/\",\"name\":\"Analyse comparative ajust\u00e9e - Plum Consulting\",\"isPartOf\":{\"@id\":\"https:\/\/plumconsulting.co.uk\/#website\"},\"primaryImageOfPage\":{\"@id\":\"https:\/\/plumconsulting.co.uk\/fr\/spectrum-management\/benchmarking-ajuste\/#primaryimage\"},\"image\":{\"@id\":\"https:\/\/plumconsulting.co.uk\/fr\/spectrum-management\/benchmarking-ajuste\/#primaryimage\"},\"thumbnailUrl\":\"https:\/\/plumconsulting.co.uk\/wp-content\/uploads\/2016\/02\/Distance-method-graph.png\",\"datePublished\":\"2018-09-27T13:58:10+00:00\",\"dateModified\":\"2019-12-05T15:29:16+00:00\",\"breadcrumb\":{\"@id\":\"https:\/\/plumconsulting.co.uk\/fr\/spectrum-management\/benchmarking-ajuste\/#breadcrumb\"},\"inLanguage\":\"fr-FR\",\"potentialAction\":[{\"@type\":\"ReadAction\",\"target\":[\"https:\/\/plumconsulting.co.uk\/fr\/spectrum-management\/benchmarking-ajuste\/\"]}]},{\"@type\":\"ImageObject\",\"inLanguage\":\"fr-FR\",\"@id\":\"https:\/\/plumconsulting.co.uk\/fr\/spectrum-management\/benchmarking-ajuste\/#primaryimage\",\"url\":\"https:\/\/plumconsulting.co.uk\/wp-content\/uploads\/2016\/02\/Distance-method-graph.png\",\"contentUrl\":\"https:\/\/plumconsulting.co.uk\/wp-content\/uploads\/2016\/02\/Distance-method-graph.png\"},{\"@type\":\"BreadcrumbList\",\"@id\":\"https:\/\/plumconsulting.co.uk\/fr\/spectrum-management\/benchmarking-ajuste\/#breadcrumb\",\"itemListElement\":[{\"@type\":\"ListItem\",\"position\":1,\"name\":\"Home\",\"item\":\"https:\/\/plumconsulting.co.uk\/fr\/\"},{\"@type\":\"ListItem\",\"position\":2,\"name\":\"Gestion du spectre\",\"item\":\"https:\/\/plumconsulting.co.uk\/fr\/spectrum-management\/\"},{\"@type\":\"ListItem\",\"position\":3,\"name\":\"Analyse comparative ajust\u00e9e\"}]},{\"@type\":\"WebSite\",\"@id\":\"https:\/\/plumconsulting.co.uk\/#website\",\"url\":\"https:\/\/plumconsulting.co.uk\/\",\"name\":\"Plum Consulting\",\"description\":\"We offer strategy, policy and regulatory advice on telecommunications, spectrum, online and media issues.\",\"potentialAction\":[{\"@type\":\"SearchAction\",\"target\":{\"@type\":\"EntryPoint\",\"urlTemplate\":\"https:\/\/plumconsulting.co.uk\/?s={search_term_string}\"},\"query-input\":{\"@type\":\"PropertyValueSpecification\",\"valueRequired\":true,\"valueName\":\"search_term_string\"}}],\"inLanguage\":\"fr-FR\"}]}<\/script>\n<!-- \/ Yoast SEO plugin. -->","yoast_head_json":{"title":"Analyse comparative ajust\u00e9e - Plum Consulting","robots":{"index":"index","follow":"follow","max-snippet":"max-snippet:-1","max-image-preview":"max-image-preview:large","max-video-preview":"max-video-preview:-1"},"canonical":"https:\/\/plumconsulting.co.uk\/fr\/spectrum-management\/benchmarking-ajuste\/","og_locale":"fr_FR","og_type":"article","og_title":"Analyse comparative ajust\u00e9e - Plum Consulting","og_description":"L\u2019analyse comparative ajust\u00e9e est utilis\u00e9e lorsque la collecte de donn\u00e9es n\u2019offre pas suffisamment de donn\u00e9es r\u00e9elles dans une bande de fr\u00e9quences sp\u00e9cifique pour permettre une analyse comparative directe. Selon cette approche, les valeurs des ventes aux ench\u00e8res pass\u00e9es dans le pays concern\u00e9 constitueront des valeurs de r\u00e9f\u00e9rence importantes. L\u2019analyse comparative ajust\u00e9e peut \u00eatre effectu\u00e9e soit[...]","og_url":"https:\/\/plumconsulting.co.uk\/fr\/spectrum-management\/benchmarking-ajuste\/","og_site_name":"Plum Consulting","article_modified_time":"2019-12-05T15:29:16+00:00","og_image":[{"url":"https:\/\/plumconsulting.co.uk\/wp-content\/uploads\/2016\/02\/Distance-method-graph.png","type":"","width":"","height":""}],"twitter_card":"summary_large_image","twitter_site":"@plumconsulting","twitter_misc":{"Est. reading time":"2 minutes"},"schema":{"@context":"https:\/\/schema.org","@graph":[{"@type":"WebPage","@id":"https:\/\/plumconsulting.co.uk\/fr\/spectrum-management\/benchmarking-ajuste\/","url":"https:\/\/plumconsulting.co.uk\/fr\/spectrum-management\/benchmarking-ajuste\/","name":"Analyse comparative ajust\u00e9e - Plum Consulting","isPartOf":{"@id":"https:\/\/plumconsulting.co.uk\/#website"},"primaryImageOfPage":{"@id":"https:\/\/plumconsulting.co.uk\/fr\/spectrum-management\/benchmarking-ajuste\/#primaryimage"},"image":{"@id":"https:\/\/plumconsulting.co.uk\/fr\/spectrum-management\/benchmarking-ajuste\/#primaryimage"},"thumbnailUrl":"https:\/\/plumconsulting.co.uk\/wp-content\/uploads\/2016\/02\/Distance-method-graph.png","datePublished":"2018-09-27T13:58:10+00:00","dateModified":"2019-12-05T15:29:16+00:00","breadcrumb":{"@id":"https:\/\/plumconsulting.co.uk\/fr\/spectrum-management\/benchmarking-ajuste\/#breadcrumb"},"inLanguage":"fr-FR","potentialAction":[{"@type":"ReadAction","target":["https:\/\/plumconsulting.co.uk\/fr\/spectrum-management\/benchmarking-ajuste\/"]}]},{"@type":"ImageObject","inLanguage":"fr-FR","@id":"https:\/\/plumconsulting.co.uk\/fr\/spectrum-management\/benchmarking-ajuste\/#primaryimage","url":"https:\/\/plumconsulting.co.uk\/wp-content\/uploads\/2016\/02\/Distance-method-graph.png","contentUrl":"https:\/\/plumconsulting.co.uk\/wp-content\/uploads\/2016\/02\/Distance-method-graph.png"},{"@type":"BreadcrumbList","@id":"https:\/\/plumconsulting.co.uk\/fr\/spectrum-management\/benchmarking-ajuste\/#breadcrumb","itemListElement":[{"@type":"ListItem","position":1,"name":"Home","item":"https:\/\/plumconsulting.co.uk\/fr\/"},{"@type":"ListItem","position":2,"name":"Gestion du spectre","item":"https:\/\/plumconsulting.co.uk\/fr\/spectrum-management\/"},{"@type":"ListItem","position":3,"name":"Analyse comparative ajust\u00e9e"}]},{"@type":"WebSite","@id":"https:\/\/plumconsulting.co.uk\/#website","url":"https:\/\/plumconsulting.co.uk\/","name":"Plum Consulting","description":"We offer strategy, policy and regulatory advice on telecommunications, spectrum, online and media issues.","potentialAction":[{"@type":"SearchAction","target":{"@type":"EntryPoint","urlTemplate":"https:\/\/plumconsulting.co.uk\/?s={search_term_string}"},"query-input":{"@type":"PropertyValueSpecification","valueRequired":true,"valueName":"search_term_string"}}],"inLanguage":"fr-FR"}]}},"jetpack_sharing_enabled":true,"_links":{"self":[{"href":"https:\/\/plumconsulting.co.uk\/fr\/wp-json\/wp\/v2\/pages\/4197","targetHints":{"allow":["GET"]}}],"collection":[{"href":"https:\/\/plumconsulting.co.uk\/fr\/wp-json\/wp\/v2\/pages"}],"about":[{"href":"https:\/\/plumconsulting.co.uk\/fr\/wp-json\/wp\/v2\/types\/page"}],"author":[{"embeddable":true,"href":"https:\/\/plumconsulting.co.uk\/fr\/wp-json\/wp\/v2\/users\/1"}],"replies":[{"embeddable":true,"href":"https:\/\/plumconsulting.co.uk\/fr\/wp-json\/wp\/v2\/comments?post=4197"}],"version-history":[{"count":6,"href":"https:\/\/plumconsulting.co.uk\/fr\/wp-json\/wp\/v2\/pages\/4197\/revisions"}],"predecessor-version":[{"id":5213,"href":"https:\/\/plumconsulting.co.uk\/fr\/wp-json\/wp\/v2\/pages\/4197\/revisions\/5213"}],"up":[{"embeddable":true,"href":"https:\/\/plumconsulting.co.uk\/fr\/wp-json\/wp\/v2\/pages\/3691"}],"wp:attachment":[{"href":"https:\/\/plumconsulting.co.uk\/fr\/wp-json\/wp\/v2\/media?parent=4197"}],"curies":[{"name":"wp","href":"https:\/\/api.w.org\/{rel}","templated":true}]}}