{"id":4199,"date":"2018-09-27T13:59:08","date_gmt":"2018-09-27T13:59:08","guid":{"rendered":"https:\/\/plumconsulting.co.uk\/spectrum-management\/benchmarking-direct\/"},"modified":"2019-12-05T15:27:23","modified_gmt":"2019-12-05T15:27:23","slug":"benchmarking-direct","status":"publish","type":"page","link":"https:\/\/plumconsulting.co.uk\/fr\/spectrum-management\/benchmarking-direct\/","title":{"rendered":"Analyse comparative directe"},"content":{"rendered":"\n<p>L\u2019\u00e9valuation du spectre \u00e0 travers une analyse comparative directe est\nl\u2019approche la plus simple et le plus souvent utilis\u00e9e par les autorit\u00e9s de\nr\u00e9glementation. Selon cette approche, les valeurs du spectre sont utilis\u00e9es\ncomme comparateurs sur une bande sp\u00e9cifique de fr\u00e9quences, dans d\u2019autres pays\ndu monde. Afin d\u2019obtenir des r\u00e9sultats plus solides, il convient d\u2019utiliser des\npays comparables au pays concern\u00e9. La valeur du spectre est ensuite estim\u00e9e \u00e0\nl\u2019aide d\u2019une moyenne simple. La valeur de mesure la plus utilis\u00e9e est le prix\npar MHz par habitant, bien que des alternatives telles qu\u2019un prix par MHz\nindex\u00e9 sur le PIB puissent \u00e9galement \u00eatre utilis\u00e9es.<\/p>\n\n\n\n<p>En cas de manque de donn\u00e9es de r\u00e9f\u00e9rence pour des bandes de fr\u00e9quences\nsp\u00e9cifiques, une approche courante consiste \u00e0 utiliser des ensembles de bandes\ncommuns par fr\u00e9quence, par exemple :<\/p>\n\n\n\n<ul class=\"wp-block-list\"><li>Les bandes\n     inf\u00e9rieures \u00e0 1 GHz sont souvent \u00e9tudi\u00e9es ensemble car elles pr\u00e9sentent\n     des caract\u00e9ristiques de propagation sup\u00e9rieures, ce qui les rend plus\n     pr\u00e9cieuses du point de vue des op\u00e9rateurs mobiles en termes de couverture,\n     y compris \u00e0 l\u2019int\u00e9rieur des b\u00e2timents.<\/li><li>La bande de 1900\n     MHz, utilis\u00e9e sur le continent am\u00e9ricain, est similaire \u00e0 la bande 1800\n     MHz en Europe en termes de caract\u00e9ristiques de propagation et prend en\n     charge les technologies 2G et 4G.<\/li><li>La bande AWS\n     utilis\u00e9e sur le continent am\u00e9ricain est similaire aux bandes de 2,1 GHz\n     utilis\u00e9es en Europe et en Asie-Pacifique pour les services 3G et de plus\n     en plus 4G.<\/li><li>La bande 2,5 GHz est\n     harmonis\u00e9e \u00e0 l\u2019\u00e9chelle mondiale pour les services mobiles et peut \u00eatre\n     consid\u00e9r\u00e9e comme un groupe distinct. Plut\u00f4t que d\u2019\u00eatre destin\u00e9e \u00e0 fournir\n     une certaine couverture, elle est g\u00e9n\u00e9ralement utilis\u00e9e comme une bande de\n     \u00ab capacit\u00e9 \u00bb, compte tenu de ses propri\u00e9t\u00e9s de propagation inf\u00e9rieures \u00e0\n     celles des fr\u00e9quences plus basses.<\/li><\/ul>\n\n\n\n<p>Lors de la s\u00e9lection de l\u2019\u00e9chantillon de donn\u00e9es, le contexte sp\u00e9cifique\nd\u2019un pays et d\u2019une vente aux ench\u00e8res doit \u00eatre pris en compte et les valeurs\nde r\u00e9f\u00e9rence doivent \u00eatre interpr\u00e9t\u00e9es avec soin.<\/p>\n","protected":false},"excerpt":{"rendered":"<p>L\u2019\u00e9valuation du spectre \u00e0 travers une analyse comparative directe est l\u2019approche la plus simple et le plus souvent utilis\u00e9e par les autorit\u00e9s de r\u00e9glementation. Selon cette approche, les valeurs du spectre sont utilis\u00e9es comme comparateurs sur une bande sp\u00e9cifique de fr\u00e9quences, dans d\u2019autres pays du monde. Afin d\u2019obtenir des r\u00e9sultats plus solides, il convient d\u2019utiliser<a href=\"https:\/\/plumconsulting.co.uk\/fr\/spectrum-management\/benchmarking-direct\/\">[&#8230;]<\/a><\/p>\n","protected":false},"author":1,"featured_media":0,"parent":3691,"menu_order":0,"comment_status":"closed","ping_status":"closed","template":"","meta":{"footnotes":""},"class_list":["post-4199","page","type-page","status-publish","hentry"],"yoast_head":"<!-- This site is optimized with the Yoast SEO plugin v26.7 - https:\/\/yoast.com\/wordpress\/plugins\/seo\/ -->\n<title>Analyse comparative directe - Plum Consulting<\/title>\n<meta name=\"robots\" content=\"index, follow, max-snippet:-1, max-image-preview:large, max-video-preview:-1\" \/>\n<link rel=\"canonical\" href=\"https:\/\/plumconsulting.co.uk\/fr\/spectrum-management\/benchmarking-direct\/\" \/>\n<meta property=\"og:locale\" content=\"fr_FR\" \/>\n<meta property=\"og:type\" content=\"article\" \/>\n<meta property=\"og:title\" content=\"Analyse comparative directe - Plum Consulting\" \/>\n<meta property=\"og:description\" content=\"L\u2019\u00e9valuation du spectre \u00e0 travers une analyse comparative directe est l\u2019approche la plus simple et le plus souvent utilis\u00e9e par les autorit\u00e9s de r\u00e9glementation. Selon cette approche, les valeurs du spectre sont utilis\u00e9es comme comparateurs sur une bande sp\u00e9cifique de fr\u00e9quences, dans d\u2019autres pays du monde. Afin d\u2019obtenir des r\u00e9sultats plus solides, il convient d\u2019utiliser[...]\" \/>\n<meta property=\"og:url\" content=\"https:\/\/plumconsulting.co.uk\/fr\/spectrum-management\/benchmarking-direct\/\" \/>\n<meta property=\"og:site_name\" content=\"Plum Consulting\" \/>\n<meta property=\"article:modified_time\" content=\"2019-12-05T15:27:23+00:00\" \/>\n<meta name=\"twitter:card\" content=\"summary_large_image\" \/>\n<meta name=\"twitter:site\" content=\"@plumconsulting\" \/>\n<meta name=\"twitter:label1\" content=\"Est. reading time\" \/>\n\t<meta name=\"twitter:data1\" content=\"2 minutes\" \/>\n<script type=\"application\/ld+json\" class=\"yoast-schema-graph\">{\"@context\":\"https:\/\/schema.org\",\"@graph\":[{\"@type\":\"WebPage\",\"@id\":\"https:\/\/plumconsulting.co.uk\/fr\/spectrum-management\/benchmarking-direct\/\",\"url\":\"https:\/\/plumconsulting.co.uk\/fr\/spectrum-management\/benchmarking-direct\/\",\"name\":\"Analyse comparative directe - Plum Consulting\",\"isPartOf\":{\"@id\":\"https:\/\/plumconsulting.co.uk\/#website\"},\"datePublished\":\"2018-09-27T13:59:08+00:00\",\"dateModified\":\"2019-12-05T15:27:23+00:00\",\"breadcrumb\":{\"@id\":\"https:\/\/plumconsulting.co.uk\/fr\/spectrum-management\/benchmarking-direct\/#breadcrumb\"},\"inLanguage\":\"fr-FR\",\"potentialAction\":[{\"@type\":\"ReadAction\",\"target\":[\"https:\/\/plumconsulting.co.uk\/fr\/spectrum-management\/benchmarking-direct\/\"]}]},{\"@type\":\"BreadcrumbList\",\"@id\":\"https:\/\/plumconsulting.co.uk\/fr\/spectrum-management\/benchmarking-direct\/#breadcrumb\",\"itemListElement\":[{\"@type\":\"ListItem\",\"position\":1,\"name\":\"Home\",\"item\":\"https:\/\/plumconsulting.co.uk\/fr\/\"},{\"@type\":\"ListItem\",\"position\":2,\"name\":\"Gestion du spectre\",\"item\":\"https:\/\/plumconsulting.co.uk\/fr\/spectrum-management\/\"},{\"@type\":\"ListItem\",\"position\":3,\"name\":\"Analyse comparative directe\"}]},{\"@type\":\"WebSite\",\"@id\":\"https:\/\/plumconsulting.co.uk\/#website\",\"url\":\"https:\/\/plumconsulting.co.uk\/\",\"name\":\"Plum Consulting\",\"description\":\"We offer strategy, policy and regulatory advice on telecommunications, spectrum, online and media issues.\",\"potentialAction\":[{\"@type\":\"SearchAction\",\"target\":{\"@type\":\"EntryPoint\",\"urlTemplate\":\"https:\/\/plumconsulting.co.uk\/?s={search_term_string}\"},\"query-input\":{\"@type\":\"PropertyValueSpecification\",\"valueRequired\":true,\"valueName\":\"search_term_string\"}}],\"inLanguage\":\"fr-FR\"}]}<\/script>\n<!-- \/ Yoast SEO plugin. -->","yoast_head_json":{"title":"Analyse comparative directe - Plum Consulting","robots":{"index":"index","follow":"follow","max-snippet":"max-snippet:-1","max-image-preview":"max-image-preview:large","max-video-preview":"max-video-preview:-1"},"canonical":"https:\/\/plumconsulting.co.uk\/fr\/spectrum-management\/benchmarking-direct\/","og_locale":"fr_FR","og_type":"article","og_title":"Analyse comparative directe - Plum Consulting","og_description":"L\u2019\u00e9valuation du spectre \u00e0 travers une analyse comparative directe est l\u2019approche la plus simple et le plus souvent utilis\u00e9e par les autorit\u00e9s de r\u00e9glementation. Selon cette approche, les valeurs du spectre sont utilis\u00e9es comme comparateurs sur une bande sp\u00e9cifique de fr\u00e9quences, dans d\u2019autres pays du monde. Afin d\u2019obtenir des r\u00e9sultats plus solides, il convient d\u2019utiliser[...]","og_url":"https:\/\/plumconsulting.co.uk\/fr\/spectrum-management\/benchmarking-direct\/","og_site_name":"Plum Consulting","article_modified_time":"2019-12-05T15:27:23+00:00","twitter_card":"summary_large_image","twitter_site":"@plumconsulting","twitter_misc":{"Est. reading time":"2 minutes"},"schema":{"@context":"https:\/\/schema.org","@graph":[{"@type":"WebPage","@id":"https:\/\/plumconsulting.co.uk\/fr\/spectrum-management\/benchmarking-direct\/","url":"https:\/\/plumconsulting.co.uk\/fr\/spectrum-management\/benchmarking-direct\/","name":"Analyse comparative directe - Plum Consulting","isPartOf":{"@id":"https:\/\/plumconsulting.co.uk\/#website"},"datePublished":"2018-09-27T13:59:08+00:00","dateModified":"2019-12-05T15:27:23+00:00","breadcrumb":{"@id":"https:\/\/plumconsulting.co.uk\/fr\/spectrum-management\/benchmarking-direct\/#breadcrumb"},"inLanguage":"fr-FR","potentialAction":[{"@type":"ReadAction","target":["https:\/\/plumconsulting.co.uk\/fr\/spectrum-management\/benchmarking-direct\/"]}]},{"@type":"BreadcrumbList","@id":"https:\/\/plumconsulting.co.uk\/fr\/spectrum-management\/benchmarking-direct\/#breadcrumb","itemListElement":[{"@type":"ListItem","position":1,"name":"Home","item":"https:\/\/plumconsulting.co.uk\/fr\/"},{"@type":"ListItem","position":2,"name":"Gestion du spectre","item":"https:\/\/plumconsulting.co.uk\/fr\/spectrum-management\/"},{"@type":"ListItem","position":3,"name":"Analyse comparative directe"}]},{"@type":"WebSite","@id":"https:\/\/plumconsulting.co.uk\/#website","url":"https:\/\/plumconsulting.co.uk\/","name":"Plum Consulting","description":"We offer strategy, policy and regulatory advice on telecommunications, spectrum, online and media issues.","potentialAction":[{"@type":"SearchAction","target":{"@type":"EntryPoint","urlTemplate":"https:\/\/plumconsulting.co.uk\/?s={search_term_string}"},"query-input":{"@type":"PropertyValueSpecification","valueRequired":true,"valueName":"search_term_string"}}],"inLanguage":"fr-FR"}]}},"jetpack_sharing_enabled":true,"_links":{"self":[{"href":"https:\/\/plumconsulting.co.uk\/fr\/wp-json\/wp\/v2\/pages\/4199","targetHints":{"allow":["GET"]}}],"collection":[{"href":"https:\/\/plumconsulting.co.uk\/fr\/wp-json\/wp\/v2\/pages"}],"about":[{"href":"https:\/\/plumconsulting.co.uk\/fr\/wp-json\/wp\/v2\/types\/page"}],"author":[{"embeddable":true,"href":"https:\/\/plumconsulting.co.uk\/fr\/wp-json\/wp\/v2\/users\/1"}],"replies":[{"embeddable":true,"href":"https:\/\/plumconsulting.co.uk\/fr\/wp-json\/wp\/v2\/comments?post=4199"}],"version-history":[{"count":3,"href":"https:\/\/plumconsulting.co.uk\/fr\/wp-json\/wp\/v2\/pages\/4199\/revisions"}],"predecessor-version":[{"id":5211,"href":"https:\/\/plumconsulting.co.uk\/fr\/wp-json\/wp\/v2\/pages\/4199\/revisions\/5211"}],"up":[{"embeddable":true,"href":"https:\/\/plumconsulting.co.uk\/fr\/wp-json\/wp\/v2\/pages\/3691"}],"wp:attachment":[{"href":"https:\/\/plumconsulting.co.uk\/fr\/wp-json\/wp\/v2\/media?parent=4199"}],"curies":[{"name":"wp","href":"https:\/\/api.w.org\/{rel}","templated":true}]}}