{"id":4200,"date":"2018-09-27T13:59:20","date_gmt":"2018-09-27T13:59:20","guid":{"rendered":"https:\/\/plumconsulting.co.uk\/spectrum-management\/benchmarking-econometrique\/"},"modified":"2019-12-05T15:31:44","modified_gmt":"2019-12-05T15:31:44","slug":"benchmarking-econometrique","status":"publish","type":"page","link":"https:\/\/plumconsulting.co.uk\/fr\/spectrum-management\/benchmarking-econometrique\/","title":{"rendered":"Analyse comparative \u00e9conom\u00e9trique"},"content":{"rendered":"<p>L\u2019analyse \u00e9conom\u00e9trique est une m\u00e9thode statistique qui fournit un moyen objectif de contr\u00f4ler des facteurs \u00e9conomiques et de march\u00e9. Alors que l\u2019analyse comparative se fonde sur des comparaisons souvent approximatives entre diff\u00e9rents pays, l\u2019analyse \u00e9conom\u00e9trique utilise les relations estim\u00e9es entre les prix observ\u00e9s du spectre et leurs facteurs explicatifs (tels que la vente aux ench\u00e8res, les indicateurs d\u00e9mographiques, \u00e9conomiques\u2026) afin de pr\u00e9dire une valeur pour le pays \u00e9tudi\u00e9.<\/p>\n<p>L\u2019analyse \u00e9conom\u00e9trique a pour but d\u2019estimer la valeur du spectre (variable d\u00e9pendante) en fonction des effets de divers moteurs de la valeur du spectre (variables ind\u00e9pendantes) en utilisant des donn\u00e9es provenant d\u2019un grand nombre de ventes aux ench\u00e8res. Les potentiels moteurs de valeur g\u00e9n\u00e9ralement pris en compte dans les analyses \u00e9conom\u00e9triques de la valeur du spectre sont les suivants :<\/p>\n<ul>\n<li>les caract\u00e9ristiques du spectre : bande de fr\u00e9quences ou propagation, bande passante totale donn\u00e9e, moment de l\u2019ench\u00e8re, niveau d\u2019harmonisation ;<\/li>\n<li>les caract\u00e9ristiques de la licence : dur\u00e9e de la licence, licences nationales ou r\u00e9gionales, exigences en termes de couverture ;<\/li>\n<li>les caract\u00e9ristiques de l\u2019ench\u00e8re : ratio des ench\u00e9risseurs par rapport aux gagnants, prix de r\u00e9serve, format de la vente aux ench\u00e8res, plafonds du spectre ;<\/li>\n<li>les caract\u00e9ristiques \u00e9conomiques et du march\u00e9 : PIB par habitant, densit\u00e9 de la population, p\u00e9n\u00e9tration de la t\u00e9l\u00e9phonie mobile, revenus moyen par utilisateur, taux de p\u00e9n\u00e9tration des lignes fixes, nombre d\u2019op\u00e9rateurs mobiles sur le march\u00e9.<\/li>\n<\/ul>\n<p>Bien que l\u2019analyse \u00e9conom\u00e9trique soit une m\u00e9thode statistique plus solide que les approches d\u2019analyses directe et ajust\u00e9e, sa fiabilit\u00e9 d\u00e9pend de la disponibilit\u00e9 et de la qualit\u00e9 des donn\u00e9es.<\/p>\n","protected":false},"excerpt":{"rendered":"<p>L\u2019analyse \u00e9conom\u00e9trique est une m\u00e9thode statistique qui fournit un moyen objectif de contr\u00f4ler des facteurs \u00e9conomiques et de march\u00e9. Alors que l\u2019analyse comparative se fonde sur des comparaisons souvent approximatives entre diff\u00e9rents pays, l\u2019analyse \u00e9conom\u00e9trique utilise les relations estim\u00e9es entre les prix observ\u00e9s du spectre et leurs facteurs explicatifs (tels que la vente aux ench\u00e8res,<a href=\"https:\/\/plumconsulting.co.uk\/fr\/spectrum-management\/benchmarking-econometrique\/\">[&#8230;]<\/a><\/p>\n","protected":false},"author":1,"featured_media":0,"parent":3691,"menu_order":0,"comment_status":"closed","ping_status":"closed","template":"","meta":{"footnotes":""},"class_list":["post-4200","page","type-page","status-publish","hentry"],"yoast_head":"<!-- This site is optimized with the Yoast SEO plugin v26.7 - https:\/\/yoast.com\/wordpress\/plugins\/seo\/ -->\n<title>Analyse comparative \u00e9conom\u00e9trique - Plum Consulting<\/title>\n<meta name=\"robots\" content=\"index, follow, max-snippet:-1, max-image-preview:large, max-video-preview:-1\" \/>\n<link rel=\"canonical\" href=\"https:\/\/plumconsulting.co.uk\/fr\/spectrum-management\/benchmarking-econometrique\/\" \/>\n<meta property=\"og:locale\" content=\"fr_FR\" \/>\n<meta property=\"og:type\" content=\"article\" \/>\n<meta property=\"og:title\" content=\"Analyse comparative \u00e9conom\u00e9trique - Plum Consulting\" \/>\n<meta property=\"og:description\" content=\"L\u2019analyse \u00e9conom\u00e9trique est une m\u00e9thode statistique qui fournit un moyen objectif de contr\u00f4ler des facteurs \u00e9conomiques et de march\u00e9. Alors que l\u2019analyse comparative se fonde sur des comparaisons souvent approximatives entre diff\u00e9rents pays, l\u2019analyse \u00e9conom\u00e9trique utilise les relations estim\u00e9es entre les prix observ\u00e9s du spectre et leurs facteurs explicatifs (tels que la vente aux ench\u00e8res,[...]\" \/>\n<meta property=\"og:url\" content=\"https:\/\/plumconsulting.co.uk\/fr\/spectrum-management\/benchmarking-econometrique\/\" \/>\n<meta property=\"og:site_name\" content=\"Plum Consulting\" \/>\n<meta property=\"article:modified_time\" content=\"2019-12-05T15:31:44+00:00\" \/>\n<meta name=\"twitter:card\" content=\"summary_large_image\" \/>\n<meta name=\"twitter:site\" content=\"@plumconsulting\" \/>\n<meta name=\"twitter:label1\" content=\"Est. reading time\" \/>\n\t<meta name=\"twitter:data1\" content=\"2 minutes\" \/>\n<script type=\"application\/ld+json\" class=\"yoast-schema-graph\">{\"@context\":\"https:\/\/schema.org\",\"@graph\":[{\"@type\":\"WebPage\",\"@id\":\"https:\/\/plumconsulting.co.uk\/fr\/spectrum-management\/benchmarking-econometrique\/\",\"url\":\"https:\/\/plumconsulting.co.uk\/fr\/spectrum-management\/benchmarking-econometrique\/\",\"name\":\"Analyse comparative \u00e9conom\u00e9trique - Plum Consulting\",\"isPartOf\":{\"@id\":\"https:\/\/plumconsulting.co.uk\/#website\"},\"datePublished\":\"2018-09-27T13:59:20+00:00\",\"dateModified\":\"2019-12-05T15:31:44+00:00\",\"breadcrumb\":{\"@id\":\"https:\/\/plumconsulting.co.uk\/fr\/spectrum-management\/benchmarking-econometrique\/#breadcrumb\"},\"inLanguage\":\"fr-FR\",\"potentialAction\":[{\"@type\":\"ReadAction\",\"target\":[\"https:\/\/plumconsulting.co.uk\/fr\/spectrum-management\/benchmarking-econometrique\/\"]}]},{\"@type\":\"BreadcrumbList\",\"@id\":\"https:\/\/plumconsulting.co.uk\/fr\/spectrum-management\/benchmarking-econometrique\/#breadcrumb\",\"itemListElement\":[{\"@type\":\"ListItem\",\"position\":1,\"name\":\"Home\",\"item\":\"https:\/\/plumconsulting.co.uk\/fr\/\"},{\"@type\":\"ListItem\",\"position\":2,\"name\":\"Gestion du spectre\",\"item\":\"https:\/\/plumconsulting.co.uk\/fr\/spectrum-management\/\"},{\"@type\":\"ListItem\",\"position\":3,\"name\":\"Analyse comparative \u00e9conom\u00e9trique\"}]},{\"@type\":\"WebSite\",\"@id\":\"https:\/\/plumconsulting.co.uk\/#website\",\"url\":\"https:\/\/plumconsulting.co.uk\/\",\"name\":\"Plum Consulting\",\"description\":\"We offer strategy, policy and regulatory advice on telecommunications, spectrum, online and media issues.\",\"potentialAction\":[{\"@type\":\"SearchAction\",\"target\":{\"@type\":\"EntryPoint\",\"urlTemplate\":\"https:\/\/plumconsulting.co.uk\/?s={search_term_string}\"},\"query-input\":{\"@type\":\"PropertyValueSpecification\",\"valueRequired\":true,\"valueName\":\"search_term_string\"}}],\"inLanguage\":\"fr-FR\"}]}<\/script>\n<!-- \/ Yoast SEO plugin. -->","yoast_head_json":{"title":"Analyse comparative \u00e9conom\u00e9trique - Plum Consulting","robots":{"index":"index","follow":"follow","max-snippet":"max-snippet:-1","max-image-preview":"max-image-preview:large","max-video-preview":"max-video-preview:-1"},"canonical":"https:\/\/plumconsulting.co.uk\/fr\/spectrum-management\/benchmarking-econometrique\/","og_locale":"fr_FR","og_type":"article","og_title":"Analyse comparative \u00e9conom\u00e9trique - Plum Consulting","og_description":"L\u2019analyse \u00e9conom\u00e9trique est une m\u00e9thode statistique qui fournit un moyen objectif de contr\u00f4ler des facteurs \u00e9conomiques et de march\u00e9. Alors que l\u2019analyse comparative se fonde sur des comparaisons souvent approximatives entre diff\u00e9rents pays, l\u2019analyse \u00e9conom\u00e9trique utilise les relations estim\u00e9es entre les prix observ\u00e9s du spectre et leurs facteurs explicatifs (tels que la vente aux ench\u00e8res,[...]","og_url":"https:\/\/plumconsulting.co.uk\/fr\/spectrum-management\/benchmarking-econometrique\/","og_site_name":"Plum Consulting","article_modified_time":"2019-12-05T15:31:44+00:00","twitter_card":"summary_large_image","twitter_site":"@plumconsulting","twitter_misc":{"Est. reading time":"2 minutes"},"schema":{"@context":"https:\/\/schema.org","@graph":[{"@type":"WebPage","@id":"https:\/\/plumconsulting.co.uk\/fr\/spectrum-management\/benchmarking-econometrique\/","url":"https:\/\/plumconsulting.co.uk\/fr\/spectrum-management\/benchmarking-econometrique\/","name":"Analyse comparative \u00e9conom\u00e9trique - Plum Consulting","isPartOf":{"@id":"https:\/\/plumconsulting.co.uk\/#website"},"datePublished":"2018-09-27T13:59:20+00:00","dateModified":"2019-12-05T15:31:44+00:00","breadcrumb":{"@id":"https:\/\/plumconsulting.co.uk\/fr\/spectrum-management\/benchmarking-econometrique\/#breadcrumb"},"inLanguage":"fr-FR","potentialAction":[{"@type":"ReadAction","target":["https:\/\/plumconsulting.co.uk\/fr\/spectrum-management\/benchmarking-econometrique\/"]}]},{"@type":"BreadcrumbList","@id":"https:\/\/plumconsulting.co.uk\/fr\/spectrum-management\/benchmarking-econometrique\/#breadcrumb","itemListElement":[{"@type":"ListItem","position":1,"name":"Home","item":"https:\/\/plumconsulting.co.uk\/fr\/"},{"@type":"ListItem","position":2,"name":"Gestion du spectre","item":"https:\/\/plumconsulting.co.uk\/fr\/spectrum-management\/"},{"@type":"ListItem","position":3,"name":"Analyse comparative \u00e9conom\u00e9trique"}]},{"@type":"WebSite","@id":"https:\/\/plumconsulting.co.uk\/#website","url":"https:\/\/plumconsulting.co.uk\/","name":"Plum Consulting","description":"We offer strategy, policy and regulatory advice on telecommunications, spectrum, online and media issues.","potentialAction":[{"@type":"SearchAction","target":{"@type":"EntryPoint","urlTemplate":"https:\/\/plumconsulting.co.uk\/?s={search_term_string}"},"query-input":{"@type":"PropertyValueSpecification","valueRequired":true,"valueName":"search_term_string"}}],"inLanguage":"fr-FR"}]}},"jetpack_sharing_enabled":true,"_links":{"self":[{"href":"https:\/\/plumconsulting.co.uk\/fr\/wp-json\/wp\/v2\/pages\/4200","targetHints":{"allow":["GET"]}}],"collection":[{"href":"https:\/\/plumconsulting.co.uk\/fr\/wp-json\/wp\/v2\/pages"}],"about":[{"href":"https:\/\/plumconsulting.co.uk\/fr\/wp-json\/wp\/v2\/types\/page"}],"author":[{"embeddable":true,"href":"https:\/\/plumconsulting.co.uk\/fr\/wp-json\/wp\/v2\/users\/1"}],"replies":[{"embeddable":true,"href":"https:\/\/plumconsulting.co.uk\/fr\/wp-json\/wp\/v2\/comments?post=4200"}],"version-history":[{"count":3,"href":"https:\/\/plumconsulting.co.uk\/fr\/wp-json\/wp\/v2\/pages\/4200\/revisions"}],"predecessor-version":[{"id":5214,"href":"https:\/\/plumconsulting.co.uk\/fr\/wp-json\/wp\/v2\/pages\/4200\/revisions\/5214"}],"up":[{"embeddable":true,"href":"https:\/\/plumconsulting.co.uk\/fr\/wp-json\/wp\/v2\/pages\/3691"}],"wp:attachment":[{"href":"https:\/\/plumconsulting.co.uk\/fr\/wp-json\/wp\/v2\/media?parent=4200"}],"curies":[{"name":"wp","href":"https:\/\/api.w.org\/{rel}","templated":true}]}}